{"id":5305,"date":"2024-10-03T00:05:27","date_gmt":"2024-10-03T00:05:27","guid":{"rendered":"https:\/\/softiplik.pl\/?page_id=5305"},"modified":"2024-10-03T00:06:31","modified_gmt":"2024-10-03T00:06:31","slug":"przedza-akrylowa","status":"publish","type":"page","link":"https:\/\/softiplik.pl\/pl\/przedza-akrylowa\/","title":{"rendered":"Prz\u0119dza Akrylowa"},"content":{"rendered":"\t\t<div data-elementor-type=\"wp-page\" data-elementor-id=\"5305\" class=\"elementor elementor-5305\">\n\t\t\t\t\t\t<section class=\"elementor-section elementor-top-section elementor-element elementor-element-d12beef tm-column-break-ipad-no tm-col-stretched-none elementor-section-boxed elementor-section-height-default elementor-section-height-default\" data-id=\"d12beef\" data-element_type=\"section\">\n\t\t\t\t\t\t<div class=\"elementor-container elementor-column-gap-default\">\n\t\t\t\t\t<div class=\"elementor-column elementor-col-50 elementor-top-column elementor-element elementor-element-21e0d3d\" data-id=\"21e0d3d\" data-element_type=\"column\">\n\t\t\t<div class=\"elementor-widget-wrap elementor-element-populated\">\n\t\t\t\t\t\t<div class=\"elementor-element elementor-element-bd8c7f5 elementor-widget elementor-widget-image\" data-id=\"bd8c7f5\" data-element_type=\"widget\" data-widget_type=\"image.default\">\n\t\t\t\t<div class=\"elementor-widget-container\">\n\t\t\t\t\t\t\t\t\t\t\t\t\t<img fetchpriority=\"high\" decoding=\"async\" width=\"745\" height=\"466\" src=\"https:\/\/softiplik.pl\/wp-content\/uploads\/2023\/06\/akrilik.png\" class=\"attachment-large size-large wp-image-4721\" alt=\"\" srcset=\"https:\/\/softiplik.pl\/wp-content\/uploads\/2023\/06\/akrilik.png 745w, https:\/\/softiplik.pl\/wp-content\/uploads\/2023\/06\/akrilik-300x188.png 300w\" sizes=\"(max-width: 745px) 100vw, 745px\" data-id=\"4721\" \/>\t\t\t\t\t\t\t\t\t\t\t\t\t<\/div>\n\t\t\t\t<\/div>\n\t\t\t\t\t<\/div>\n\t\t<\/div>\n\t\t\t\t<div class=\"elementor-column elementor-col-50 elementor-top-column elementor-element elementor-element-8be9397\" data-id=\"8be9397\" data-element_type=\"column\">\n\t\t\t<div class=\"elementor-widget-wrap elementor-element-populated\">\n\t\t\t\t\t\t<div class=\"elementor-element elementor-element-3a911f1 elementor-widget elementor-widget-text-editor\" data-id=\"3a911f1\" data-element_type=\"widget\" data-widget_type=\"text-editor.default\">\n\t\t\t\t<div class=\"elementor-widget-container\">\n\t\t\t\t\t\t\t<p>Od recyklingu starannie wyselekcjonowanego surowca przez nasze maszyny w sekcji mieszania-przygotowania-ko\u0144cowej, jest to historia produkcji, kt\u00f3ra ko\u0144czy si\u0119 pakowaniem i wysy\u0142k\u0105 poprzez staranne przetwarzanie bez uszczerbku dla jako\u015bci.<\/p><p>Produkty:<br \/>Prz\u0119dza akrylowa numeryczna:<\/p><p>%100 Recykling<br \/>Prz\u0119dza akrylowa NM 6\/1 HB<br \/>Prz\u0119dza akrylowa NM 14\/1 HB<br \/>Prz\u0119dza akrylowa NM 18\/1 HB<br \/>Prz\u0119dza akrylowa NM 22\/2 HB<br \/>Prz\u0119dza akrylowa NM 28\/2 HB<br \/>Prz\u0119dza akrylowa NM 35\/2 HB<br \/>Produkcja prz\u0119dzy jednowarstwowej i dwuwarstwowej do 6\/1 HB i 35\/1 HB.<\/p>\t\t\t\t\t\t<\/div>\n\t\t\t\t<\/div>\n\t\t\t\t\t<\/div>\n\t\t<\/div>\n\t\t\t\t\t<\/div>\n\t\t<\/section>\n\t\t\t\t<\/div>\n\t\t","protected":false},"excerpt":{"rendered":"<p>Od recyklingu starannie wyselekcjonowanego surowca przez nasze maszyny w sekcji mieszania-przygotowania-ko\u0144cowej, jest to historia produkcji, kt\u00f3ra ko\u0144czy si\u0119 pakowaniem i wysy\u0142k\u0105 poprzez staranne przetwarzanie bez uszczerbku dla jako\u015bci. Produkty:Prz\u0119dza akrylowa numeryczna: %100 RecyklingPrz\u0119dza akrylowa NM 6\/1 HBPrz\u0119dza akrylowa NM 14\/1 HBPrz\u0119dza akrylowa NM 18\/1 HBPrz\u0119dza akrylowa NM 22\/2 HBPrz\u0119dza akrylowa NM 28\/2 HBPrz\u0119dza akrylowa NM &hellip; <a href=\"https:\/\/softiplik.pl\/pl\/przedza-akrylowa\/\" class=\"more-link\">Continue reading <span class=\"screen-reader-text\">Prz\u0119dza Akrylowa<\/span><\/a><\/p>\n","protected":false},"author":1,"featured_media":0,"parent":0,"menu_order":0,"comment_status":"closed","ping_status":"closed","template":"","meta":{"footnotes":""},"class_list":["post-5305","page","type-page","status-publish","hentry"],"_links":{"self":[{"href":"https:\/\/softiplik.pl\/pl\/wp-json\/wp\/v2\/pages\/5305","targetHints":{"allow":["GET"]}}],"collection":[{"href":"https:\/\/softiplik.pl\/pl\/wp-json\/wp\/v2\/pages"}],"about":[{"href":"https:\/\/softiplik.pl\/pl\/wp-json\/wp\/v2\/types\/page"}],"author":[{"embeddable":true,"href":"https:\/\/softiplik.pl\/pl\/wp-json\/wp\/v2\/users\/1"}],"replies":[{"embeddable":true,"href":"https:\/\/softiplik.pl\/pl\/wp-json\/wp\/v2\/comments?post=5305"}],"version-history":[{"count":5,"href":"https:\/\/softiplik.pl\/pl\/wp-json\/wp\/v2\/pages\/5305\/revisions"}],"predecessor-version":[{"id":5311,"href":"https:\/\/softiplik.pl\/pl\/wp-json\/wp\/v2\/pages\/5305\/revisions\/5311"}],"wp:attachment":[{"href":"https:\/\/softiplik.pl\/pl\/wp-json\/wp\/v2\/media?parent=5305"}],"curies":[{"name":"wp","href":"https:\/\/api.w.org\/{rel}","templated":true}]}}