{"id":5393,"date":"2024-10-03T00:30:33","date_gmt":"2024-10-03T00:30:33","guid":{"rendered":"https:\/\/softiplik.pl\/?page_id=5393"},"modified":"2024-10-03T00:31:44","modified_gmt":"2024-10-03T00:31:44","slug":"przedza-przedzalnicza","status":"publish","type":"page","link":"https:\/\/softiplik.pl\/pl\/przedza-przedzalnicza\/","title":{"rendered":"Prz\u0119dza Prz\u0119dzalnicza"},"content":{"rendered":"\t\t<div data-elementor-type=\"wp-page\" data-elementor-id=\"5393\" class=\"elementor elementor-5393\">\n\t\t\t\t\t\t<section class=\"elementor-section elementor-top-section elementor-element elementor-element-114d097 tm-column-break-ipad-no tm-col-stretched-none elementor-section-boxed elementor-section-height-default elementor-section-height-default\" data-id=\"114d097\" data-element_type=\"section\">\n\t\t\t\t\t\t<div class=\"elementor-container elementor-column-gap-default\">\n\t\t\t\t\t<div class=\"elementor-column elementor-col-50 elementor-top-column elementor-element elementor-element-e440bc2\" data-id=\"e440bc2\" data-element_type=\"column\">\n\t\t\t<div class=\"elementor-widget-wrap elementor-element-populated\">\n\t\t\t\t\t\t<div class=\"elementor-element elementor-element-f30586b elementor-widget elementor-widget-text-editor\" data-id=\"f30586b\" data-element_type=\"widget\" data-widget_type=\"text-editor.default\">\n\t\t\t\t<div class=\"elementor-widget-container\">\n\t\t\t\t\t\t\t<p>Jako Soft \u0130plik, nasz produkt jest wyrobem tekstylnym, kt\u00f3ry powsta\u0142 w wyniku dzia\u0142a\u0144 zwi\u0105zanych z obr\u00f3bk\u0105 ko\u0144cow\u0105 podj\u0119tych na etapie produkcji prz\u0119dzy, szczeg\u00f3lnie po przej\u015bciu nici przez proces pier\u015bcieniowy, w celu przygotowania jej do wej\u015bcia na rynek. Jest to produkt firmy Intex o okre\u015blonej gramaturze obrobionej obustronnie, w opcji 1-2 metryki, jednowarstwowy i dwuwarstwowy.<\/p>\t\t\t\t\t\t<\/div>\n\t\t\t\t<\/div>\n\t\t\t\t\t<\/div>\n\t\t<\/div>\n\t\t\t\t<div class=\"elementor-column elementor-col-50 elementor-top-column elementor-element elementor-element-40f25fb\" data-id=\"40f25fb\" data-element_type=\"column\">\n\t\t\t<div class=\"elementor-widget-wrap elementor-element-populated\">\n\t\t\t\t\t\t<div class=\"elementor-element elementor-element-d86f746 elementor-widget elementor-widget-image\" data-id=\"d86f746\" data-element_type=\"widget\" data-widget_type=\"image.default\">\n\t\t\t\t<div class=\"elementor-widget-container\">\n\t\t\t\t\t\t\t\t\t\t\t\t\t<img fetchpriority=\"high\" decoding=\"async\" width=\"240\" height=\"213\" src=\"https:\/\/softiplik.pl\/wp-content\/uploads\/2023\/07\/Resim1.png\" class=\"attachment-large size-large wp-image-4769\" alt=\"\" data-id=\"4769\" \/>\t\t\t\t\t\t\t\t\t\t\t\t\t<\/div>\n\t\t\t\t<\/div>\n\t\t\t\t\t<\/div>\n\t\t<\/div>\n\t\t\t\t\t<\/div>\n\t\t<\/section>\n\t\t\t\t<\/div>\n\t\t","protected":false},"excerpt":{"rendered":"<p>Jako Soft \u0130plik, nasz produkt jest wyrobem tekstylnym, kt\u00f3ry powsta\u0142 w wyniku dzia\u0142a\u0144 zwi\u0105zanych z obr\u00f3bk\u0105 ko\u0144cow\u0105 podj\u0119tych na etapie produkcji prz\u0119dzy, szczeg\u00f3lnie po przej\u015bciu nici przez proces pier\u015bcieniowy, w celu przygotowania jej do wej\u015bcia na rynek. Jest to produkt firmy Intex o okre\u015blonej gramaturze obrobionej obustronnie, w opcji 1-2 metryki, jednowarstwowy i dwuwarstwowy.<\/p>\n","protected":false},"author":1,"featured_media":0,"parent":0,"menu_order":0,"comment_status":"closed","ping_status":"closed","template":"","meta":{"footnotes":""},"class_list":["post-5393","page","type-page","status-publish","hentry"],"_links":{"self":[{"href":"https:\/\/softiplik.pl\/pl\/wp-json\/wp\/v2\/pages\/5393","targetHints":{"allow":["GET"]}}],"collection":[{"href":"https:\/\/softiplik.pl\/pl\/wp-json\/wp\/v2\/pages"}],"about":[{"href":"https:\/\/softiplik.pl\/pl\/wp-json\/wp\/v2\/types\/page"}],"author":[{"embeddable":true,"href":"https:\/\/softiplik.pl\/pl\/wp-json\/wp\/v2\/users\/1"}],"replies":[{"embeddable":true,"href":"https:\/\/softiplik.pl\/pl\/wp-json\/wp\/v2\/comments?post=5393"}],"version-history":[{"count":5,"href":"https:\/\/softiplik.pl\/pl\/wp-json\/wp\/v2\/pages\/5393\/revisions"}],"predecessor-version":[{"id":5399,"href":"https:\/\/softiplik.pl\/pl\/wp-json\/wp\/v2\/pages\/5393\/revisions\/5399"}],"wp:attachment":[{"href":"https:\/\/softiplik.pl\/pl\/wp-json\/wp\/v2\/media?parent=5393"}],"curies":[{"name":"wp","href":"https:\/\/api.w.org\/{rel}","templated":true}]}}